{"id":112,"date":"2020-04-24T17:38:34","date_gmt":"2020-04-24T17:38:34","guid":{"rendered":"https:\/\/fascinapro.com\/vidasmenores\/?page_id=112"},"modified":"2025-08-29T14:16:58","modified_gmt":"2025-08-29T12:16:58","slug":"sinopsis","status":"publish","type":"page","link":"https:\/\/fascinapro.com\/vidasmenores\/","title":{"rendered":"SINOPSIS"},"content":{"rendered":"\n<p class=\"has-text-align-center\">En los \u00faltimos a\u00f1os, miles de menores marroqu\u00edes salen de su pa\u00eds para tratar de vivir en Europa. Viajan sin compa\u00f1\u00eda de familiares y, muchos de ellos, col\u00e1ndose en los transportes que atraviesan el Mediterr\u00e1neo hacia la costa espa\u00f1ola. Son conocidos con el acr\u00f3nimo de <strong>MENAS<\/strong> (Menores Extranjeros No Acompa\u00f1ados). <\/p>\n\n\n\n<p class=\"has-text-align-center\">Son protagonistas de muchas noticias y todo el mundo tiene su opini\u00f3n sobre ellos pero: \u00bfqui\u00e9n les conoce realmente? \u00bfqu\u00e9 se sabe de ellos?<\/p>\n\n\n\n<p class=\"has-text-align-center\">\u201c<strong><em>Vidas menores<\/em><\/strong><em>\u201d<\/em> acompa\u00f1a a varios de estos chicos en diferentes momentos de su viaje migratorio desde Marruecos hasta Suecia. A lo largo de a\u00f1o y medio, la c\u00e1mara retrata su cotidianeidad tal y como la viven, permitiendo conocer algo m\u00e1s de ellos, de sus perfiles humanos y sus motivaciones, de su entorno familiar y de su contexto real.<\/p>\n\n\n\n<p><a href=\"https:\/\/www.filmaffinity.com\/es\/film726049.html\" target=\"_blank\" rel=\"noreferrer noopener\">https:\/\/www.filmaffinity.com\/es\/film726049.html<\/a><\/p>\n\n\n\n<div class=\"wp-block-columns is-layout-flex wp-container-core-columns-is-layout-9d6595d7 wp-block-columns-is-layout-flex\">\n<div class=\"wp-block-column is-layout-flow wp-block-column-is-layout-flow\" style=\"flex-basis:100%\"><\/div>\n<\/div>\n\n\n\n<figure class=\"wp-block-image size-large\"><img decoding=\"async\" src=\"https:\/\/fascinapro.com\/vidasmenores\/wp-content\/uploads\/2021\/04\/CARTEL-VIDAS-MENORES-ESP-717x1024.jpg\" alt=\"\" class=\"wp-image-686\"\/><\/figure>\n\n\n\n<hr class=\"wp-block-separator has-css-opacity\"\/>\n\n\n\n<div style=\"height:100px\" aria-hidden=\"true\" class=\"wp-block-spacer\"><\/div>\n\n\n\n<figure class=\"wp-block-image size-large\"><img loading=\"lazy\" decoding=\"async\" width=\"1024\" height=\"564\" src=\"https:\/\/fascinapro.com\/vidasmenores\/wp-content\/uploads\/2021\/04\/PIMFF_WHITE-1-1024x564.png\" alt=\"\" class=\"wp-image-698\" srcset=\"https:\/\/fascinapro.com\/vidasmenores\/wp-content\/uploads\/2021\/04\/PIMFF_WHITE-1-1024x564.png 1024w, https:\/\/fascinapro.com\/vidasmenores\/wp-content\/uploads\/2021\/04\/PIMFF_WHITE-1-300x165.png 300w, https:\/\/fascinapro.com\/vidasmenores\/wp-content\/uploads\/2021\/04\/PIMFF_WHITE-1-768x423.png 768w, https:\/\/fascinapro.com\/vidasmenores\/wp-content\/uploads\/2021\/04\/PIMFF_WHITE-1-1536x847.png 1536w, https:\/\/fascinapro.com\/vidasmenores\/wp-content\/uploads\/2021\/04\/PIMFF_WHITE-1-2048x1129.png 2048w\" sizes=\"auto, (max-width: 1024px) 100vw, 1024px\" \/><\/figure>\n\n\n\n<p id=\"block-a5798b55-aa7a-45f6-bbcb-2561982766ea\"><strong><br>Vidas menores<\/strong> premiado como <strong>Mejor documenta<\/strong>l en el <strong><a rel=\"noreferrer noopener\" href=\"https:\/\/praguefilmfest.com\/winners\/march-2021\" target=\"_blank\">Prague International Monthly Film Festival<\/a><\/strong>.&nbsp;Marzo 2021.<\/p>\n\n\n\n<p id=\"block-b4d89e2f-b4f9-4b16-a655-d69fc0ebc73b\">Muchas gracias a la organizaci\u00f3n y al jurado del festival por este respaldo tan estimulante a nuestro trabajo.<\/p>\n\n\n\n<hr class=\"wp-block-separator has-css-opacity is-style-wide\"\/>\n\n\n\n<div style=\"height:100px\" aria-hidden=\"true\" class=\"wp-block-spacer\"><\/div>\n\n\n\n<h2 class=\"wp-block-heading\">VIDAS MENORES PREMIADA COMO MEJOR DOCUMENTAL  EN ESTOCOLMO<\/h2>\n\n\n\n<figure class=\"wp-block-image size-large\"><img loading=\"lazy\" decoding=\"async\" width=\"1024\" height=\"576\" src=\"https:\/\/fascinapro.com\/vidasmenores\/wp-content\/uploads\/2021\/04\/Laurel-blanco-1024x576.png\" alt=\"\" class=\"wp-image-637\" srcset=\"https:\/\/fascinapro.com\/vidasmenores\/wp-content\/uploads\/2021\/04\/Laurel-blanco-1024x576.png 1024w, https:\/\/fascinapro.com\/vidasmenores\/wp-content\/uploads\/2021\/04\/Laurel-blanco-300x169.png 300w, https:\/\/fascinapro.com\/vidasmenores\/wp-content\/uploads\/2021\/04\/Laurel-blanco-768x432.png 768w, https:\/\/fascinapro.com\/vidasmenores\/wp-content\/uploads\/2021\/04\/Laurel-blanco.png 1280w\" sizes=\"auto, (max-width: 1024px) 100vw, 1024px\" \/><\/figure>\n\n\n\n<div style=\"height:100px\" aria-hidden=\"true\" class=\"wp-block-spacer\"><\/div>\n\n\n\n<p><strong>Vidas menores<\/strong>&nbsp;ha obtenido el&nbsp;<strong>premio al mejor documental<\/strong>&nbsp;en el&nbsp;<a rel=\"noreferrer noopener\" href=\"https:\/\/stockholmcityfilmfestival.se\/Winners\/\" target=\"_blank\">Stockholm City Film Festival <\/a>de Suecia.<\/p>\n\n\n\n<p>Estamos muy agradecidos al jurado.<\/p>\n\n\n\n<hr class=\"wp-block-separator has-css-opacity is-style-wide\"\/>\n\n\n\n<hr class=\"wp-block-separator has-css-opacity is-style-wide\"\/>\n\n\n\n<p><strong>Minor Lives<\/strong>&nbsp;has won the&nbsp;<strong>award for the best documentary<\/strong>&nbsp;at the&nbsp;<a href=\"http:\/\/movingfilmfestival.com\/winners-2020\/\"><\/a><a rel=\"noreferrer noopener\" href=\"https:\/\/stockholmcityfilmfestival.se\/Winners\/\" target=\"_blank\">Stockholm City Film Festival<\/a> in Sweden.<\/p>\n\n\n\n<p>We are very grateful to the jury.<\/p>\n\n\n\n<p class=\"has-text-align-center\" style=\"font-size:30px\"><strong><a href=\"https:\/\/fascinapro.com\/vidasmenores\/comentarios\/\"><sup>+ NOTICIAS:<\/sup><\/a><\/strong><\/p>\n","protected":false},"excerpt":{"rendered":"<p>En los \u00faltimos a\u00f1os, miles de menores marroqu\u00edes salen de su pa\u00eds para tratar de vivir en Europa. Viajan sin compa\u00f1\u00eda de familiares y, muchos de ellos, col\u00e1ndose en los transportes que atraviesan el Mediterr\u00e1neo hacia la costa espa\u00f1ola. Son conocidos con el acr\u00f3nimo de MENAS (Menores Extranjeros No Acompa\u00f1ados). Son protagonistas de muchas noticias [&hellip;]<\/p>\n","protected":false},"author":1,"featured_media":619,"parent":0,"menu_order":0,"comment_status":"closed","ping_status":"closed","template":"","meta":{"footnotes":""},"class_list":["post-112","page","type-page","status-publish","has-post-thumbnail","hentry"],"_links":{"self":[{"href":"https:\/\/fascinapro.com\/vidasmenores\/wp-json\/wp\/v2\/pages\/112","targetHints":{"allow":["GET"]}}],"collection":[{"href":"https:\/\/fascinapro.com\/vidasmenores\/wp-json\/wp\/v2\/pages"}],"about":[{"href":"https:\/\/fascinapro.com\/vidasmenores\/wp-json\/wp\/v2\/types\/page"}],"author":[{"embeddable":true,"href":"https:\/\/fascinapro.com\/vidasmenores\/wp-json\/wp\/v2\/users\/1"}],"replies":[{"embeddable":true,"href":"https:\/\/fascinapro.com\/vidasmenores\/wp-json\/wp\/v2\/comments?post=112"}],"version-history":[{"count":79,"href":"https:\/\/fascinapro.com\/vidasmenores\/wp-json\/wp\/v2\/pages\/112\/revisions"}],"predecessor-version":[{"id":1077,"href":"https:\/\/fascinapro.com\/vidasmenores\/wp-json\/wp\/v2\/pages\/112\/revisions\/1077"}],"wp:featuredmedia":[{"embeddable":true,"href":"https:\/\/fascinapro.com\/vidasmenores\/wp-json\/wp\/v2\/media\/619"}],"wp:attachment":[{"href":"https:\/\/fascinapro.com\/vidasmenores\/wp-json\/wp\/v2\/media?parent=112"}],"curies":[{"name":"wp","href":"https:\/\/api.w.org\/{rel}","templated":true}]}}