{"id":395,"date":"2020-04-27T17:41:27","date_gmt":"2020-04-27T15:41:27","guid":{"rendered":"https:\/\/fascinapro.com\/vidasmenores\/?page_id=395"},"modified":"2020-05-04T10:08:53","modified_gmt":"2020-05-04T08:08:53","slug":"personajes","status":"publish","type":"page","link":"https:\/\/fascinapro.com\/vidasmenores\/personajes\/","title":{"rendered":"PERSONAJES"},"content":{"rendered":"\n<p>Los siete menores que protagonizan este documental tienen historias de vida dispares. Algunos provienen de la misma ciudad, del mismo pueblo, del mismo barrio; otros no se conocen de nada pero entre ellos se crear\u00e1n fuertes relaciones de camarader\u00eda durante el tiempo en el que coinciden viviendo en las calles. Cada uno de ellos representa una trayectoria y objetivos diferentes, conformando un rico mosaico sobre una realidad habitualmente reducida a estereotipos. <\/p>\n\n\n\n<p class=\"has-text-align-left\">De entre ellos, <strong>Ismail<\/strong> y <strong>Nabil<\/strong> son los dos protagonistas principales con los que se abre y se cierra el arco narrativo del documental.<br>Ismail lleva 4 a\u00f1os varado en Ceuta buscando la oportunidad de colarse en un barco. Pronto cumple 18 a\u00f1os y teme su cambio de estatus como menor.<br>Nabil ha conseguido llegar a Bilbao y desde all\u00ed comenzar\u00e1 un viaje hacia el norte de Europa sin saber qu\u00e9 le deparar\u00e1 el destino.<\/p>\n\n\n\n<p><\/p>\n","protected":false},"excerpt":{"rendered":"<p>Los siete menores que protagonizan este documental tienen historias de vida dispares. Algunos provienen de la misma ciudad, del mismo pueblo, del mismo barrio; otros no se conocen de nada pero entre ellos se crear\u00e1n fuertes relaciones de camarader\u00eda durante el tiempo en el que coinciden viviendo en las calles. Cada uno de ellos representa [&hellip;]<\/p>\n","protected":false},"author":1,"featured_media":416,"parent":0,"menu_order":0,"comment_status":"closed","ping_status":"closed","template":"","meta":{"footnotes":""},"class_list":["post-395","page","type-page","status-publish","has-post-thumbnail","hentry"],"_links":{"self":[{"href":"https:\/\/fascinapro.com\/vidasmenores\/wp-json\/wp\/v2\/pages\/395","targetHints":{"allow":["GET"]}}],"collection":[{"href":"https:\/\/fascinapro.com\/vidasmenores\/wp-json\/wp\/v2\/pages"}],"about":[{"href":"https:\/\/fascinapro.com\/vidasmenores\/wp-json\/wp\/v2\/types\/page"}],"author":[{"embeddable":true,"href":"https:\/\/fascinapro.com\/vidasmenores\/wp-json\/wp\/v2\/users\/1"}],"replies":[{"embeddable":true,"href":"https:\/\/fascinapro.com\/vidasmenores\/wp-json\/wp\/v2\/comments?post=395"}],"version-history":[{"count":18,"href":"https:\/\/fascinapro.com\/vidasmenores\/wp-json\/wp\/v2\/pages\/395\/revisions"}],"predecessor-version":[{"id":431,"href":"https:\/\/fascinapro.com\/vidasmenores\/wp-json\/wp\/v2\/pages\/395\/revisions\/431"}],"wp:featuredmedia":[{"embeddable":true,"href":"https:\/\/fascinapro.com\/vidasmenores\/wp-json\/wp\/v2\/media\/416"}],"wp:attachment":[{"href":"https:\/\/fascinapro.com\/vidasmenores\/wp-json\/wp\/v2\/media?parent=395"}],"curies":[{"name":"wp","href":"https:\/\/api.w.org\/{rel}","templated":true}]}}