{"id":426,"date":"2020-04-30T18:59:55","date_gmt":"2020-04-30T16:59:55","guid":{"rendered":"https:\/\/fascinapro.com\/vidasmenores\/?page_id=426"},"modified":"2025-08-28T19:21:06","modified_gmt":"2025-08-28T17:21:06","slug":"ver-el-documental","status":"publish","type":"page","link":"https:\/\/fascinapro.com\/vidasmenores\/ver-el-documental\/","title":{"rendered":"VER EL DOCUMENTAL"},"content":{"rendered":"\n<p class=\"has-medium-font-size\"> <a href=\"https:\/\/www.filmin.es\/pelicula\/vidas-menores\">https:\/\/www.filmin.es\/pelicula\/vidas-menores<\/a><\/p>\n\n\n\n<div class=\"wp-block-image\"><figure class=\"aligncenter size-large\"><img loading=\"lazy\" decoding=\"async\" width=\"227\" height=\"128\" src=\"https:\/\/fascinapro.com\/vidasmenores\/wp-content\/uploads\/2023\/03\/still_5_3_2400x1350-tx.png\" alt=\"\" class=\"wp-image-1047\"\/><\/figure><\/div>\n\n\n\n<p>__________________________________________________________<\/p>\n\n\n\n<p><strong>Si quieres organizar un pase en \u00e1mbito educativo, social u otros, env\u00edanos los datos de tu organizaci\u00f3n, nombre y correo electr\u00f3nico y nos pondremos en contacto contigo. <\/strong><\/p>\n\n\n\n<p>educativo @ fascinapro . com<\/p>\n","protected":false},"excerpt":{"rendered":"<p>https:\/\/www.filmin.es\/pelicula\/vidas-menores __________________________________________________________ Si quieres organizar un pase en \u00e1mbito educativo, social u otros, env\u00edanos los datos de tu organizaci\u00f3n, nombre y correo electr\u00f3nico y nos pondremos en contacto contigo. educativo @ fascinapro . com<\/p>\n","protected":false},"author":1,"featured_media":0,"parent":0,"menu_order":0,"comment_status":"open","ping_status":"closed","template":"","meta":{"footnotes":""},"class_list":["post-426","page","type-page","status-publish","hentry"],"_links":{"self":[{"href":"https:\/\/fascinapro.com\/vidasmenores\/wp-json\/wp\/v2\/pages\/426","targetHints":{"allow":["GET"]}}],"collection":[{"href":"https:\/\/fascinapro.com\/vidasmenores\/wp-json\/wp\/v2\/pages"}],"about":[{"href":"https:\/\/fascinapro.com\/vidasmenores\/wp-json\/wp\/v2\/types\/page"}],"author":[{"embeddable":true,"href":"https:\/\/fascinapro.com\/vidasmenores\/wp-json\/wp\/v2\/users\/1"}],"replies":[{"embeddable":true,"href":"https:\/\/fascinapro.com\/vidasmenores\/wp-json\/wp\/v2\/comments?post=426"}],"version-history":[{"count":29,"href":"https:\/\/fascinapro.com\/vidasmenores\/wp-json\/wp\/v2\/pages\/426\/revisions"}],"predecessor-version":[{"id":1048,"href":"https:\/\/fascinapro.com\/vidasmenores\/wp-json\/wp\/v2\/pages\/426\/revisions\/1048"}],"wp:attachment":[{"href":"https:\/\/fascinapro.com\/vidasmenores\/wp-json\/wp\/v2\/media?parent=426"}],"curies":[{"name":"wp","href":"https:\/\/api.w.org\/{rel}","templated":true}]}}