{"id":694,"date":"2021-05-08T19:19:35","date_gmt":"2021-05-08T17:19:35","guid":{"rendered":"https:\/\/fascinapro.com\/vidasmenores\/?page_id=694"},"modified":"2025-10-01T12:01:25","modified_gmt":"2025-10-01T10:01:25","slug":"festivales-y-pases","status":"publish","type":"page","link":"https:\/\/fascinapro.com\/vidasmenores\/festivales-y-pases\/","title":{"rendered":"FESTIVALES Y PASES"},"content":{"rendered":"\n<p>&#8211;<strong>ESTRENO<\/strong> 8 y 9 Nov. 2020 <a href=\"http:\/\/www.escalesdocumentaires.org\/competition-internationale\/vidas-menores\/\"><strong>Escales Documentaires<\/strong>. <strong>Festival international de la cr\u00e9ation documentaire<\/strong><\/a> de La Rochelle, France. Online.<\/p>\n\n\n\n<p>-4 Dic. 2020 <strong><a href=\"https:\/\/fcdhbcn.com\/portfolio-item\/facultad-de-educacion-de-la-universidad-de-barcelona-vidas-menores\/\">FESTIVAL DE CINE Y DERECHOS HUMANOS DE BARCELONA<\/a><\/strong> + Masterclass con Alfredo Torrescalles en la Universidad de Barcelona. + pase  20-1-2021 ONLINE<\/p>\n\n\n\n<p>-8 al 13 diciembre 2020 <strong><a href=\"https:\/\/museo-etnografico.com\/etnovideografica.php?id=1440\">ETNOVIDEOGR\u00c1FICA 2020<\/a> INTERNATIONAL ETHNOVIDEOGRAPHYC FESTIVAL<\/strong> SECCI\u00d3N OFICIAL. (Zamora, Espa\u00f1a). ONLINE.<\/p>\n\n\n\n<p>-29-12-2020 <a href=\"http:\/\/movingfilmfestival.com\/winners-2020\/\"><strong>INTERNATIONAL MOVING FILM FESTIVAL<\/strong><\/a> (Ir\u00e1n) <span class=\"has-inline-color has-vivid-red-color\"><strong>PREMIO MEJOR DOCUMENTAL<\/strong> \ud83c\udfc6<\/span><\/p>\n\n\n\n<p>-20 marzo 2021, 19h.<strong> <\/strong><a href=\"http:\/\/www.loturakfestival.com\/eventbrite-event\/proyeccion-vidas-menores\/\"><strong>LOTURAK FESTIVAL<\/strong> <strong>Festival Internacional Nuevas Narrativas Audiovisuales<\/strong><\/a><strong> <\/strong>2021. Escuela de M\u00fasica Andr\u00e9s Isasi, (Getxo, Vizcaya, Espa\u00f1a) PRESENCIAL + COLOQUIO<\/p>\n\n\n\n<p>-Marzo 2021. <strong><a href=\"https:\/\/stockholmcityfilmfestival.se\/March-2021\/\">STOCKHOLM CITY FILM FESTIVAL<\/a><\/strong> (Stockholm, Sweden). <span class=\"has-inline-color has-vivid-red-color\"><strong>PREMIO MEJOR DOCUMENTAL<\/strong> \ud83c\udfc6<\/span><\/p>\n\n\n\n<p>-Marzo 2021. <strong><a href=\"https:\/\/praguefilmfest.com\/winners\/march-2021\">PRAGUE INTERNATIONAL MONTHLY FILM FESTIVAL<\/a><\/strong> (<strong>Rep. Checa<\/strong>) <span class=\"has-inline-color has-vivid-red-color\"><strong>PREMIO MEJOR DOCUMENTAL<\/strong> \ud83c\udfc6<\/span><\/p>\n\n\n\n<p>-23 abril 2021 <strong><a href=\"https:\/\/www.musocasturias.org\/noticias\/23-04-2021-vidas-menores\/\">MUSOC. IX Muestra de Cine Social y DDHH de Asturias<\/a><\/strong> (<strong>Espa\u00f1a<\/strong>) PRESENCIAL https:\/\/www.musocasturias.org\/programa-2021\/vidas-menores\/<\/p>\n\n\n\n<p>-Marzo 2021. <strong><a href=\"https:\/\/primal16.wixsite.com\/easternfilmfestival\">EASTERN EUROPE FILM FESTIVAL<\/a><\/strong> (<strong>Ruman\u00eda<\/strong>). <span class=\"has-inline-color has-vivid-red-color\"><strong>PREMIO MEJOR DOCUMENTAL<\/strong><\/span>\ud83c\udfc6Marzo 2021.<\/p>\n\n\n\n<p>-24 al 30 de abril. <strong><a href=\"https:\/\/www.censuradosfilmfestival.org\/seleccionoficial\">CENSURADOS FILM FESTIVAL<\/a><\/strong> (<strong>Lima, Per\u00fa<\/strong>) SECCI\u00d3N OFICIAL. ONLINE-PRESENCIAL<\/p>\n\n\n\n<p>-24 de abril. <strong><a href=\"https:\/\/www.zinemaetagizaeskubideak.eus\/2021\/index.php?option=com_content&amp;view=article&amp;id=15&amp;Itemid=58&amp;ide=99835&amp;lang=es\">FESTIVAL DE CINE Y DDHH DE SAN SEBASTI\u00c1N<\/a><\/strong> (<strong>Donostia-San Sebasti\u00e1n, Espa\u00f1a<\/strong>) PRESENCIAL + <strong>PRESENTACI\u00d3N Y COLOQUIO CON EL DIRECTOR Y EL PROTAGONISTA PRINCIPAL<\/strong>. Teatro Victoria Eugenia de San Sebasti\u00e1n, 18h.<\/p>\n\n\n\n<p>-Febrero 2021. <strong><a href=\"https:\/\/files.vlastnawebstranka.websupport.sk\/aa\/53\/aa5358e1-1a1b-4270-b7f9-d763f9f2ac51.pdf\">BEST FILM AWARDS<\/a><\/strong>. (London) <strong><span class=\"has-inline-color has-vivid-red-color\">BEST DOCUMENTARY ABOUT HUMAN RIGHTS<\/span> \ud83c\udfc6<\/strong><span class=\"has-inline-color has-vivid-red-color\">Feb 2021<\/span><\/p>\n\n\n\n<p>-Abril 2021 <strong><a rel=\"noreferrer noopener\" href=\"http:\/\/eurasiafilmfest.ru\/wp-content\/uploads\/2021\/02\/WINNERS-LIST-2.pdf\" target=\"_blank\">EURASIA INTERNATIONAL MONTHLY FILM FESTIVAL <\/a><\/strong> (<strong>Moscow, Russia<\/strong>). <strong><span class=\"has-inline-color has-vivid-red-color\">BEST DOCUMENTARY<\/span><\/strong> \ud83c\udfc6 Abril 2021.<\/p>\n\n\n\n<p>-6 de mayo 2021. <strong><a rel=\"noreferrer noopener\" href=\"https:\/\/www.facebook.com\/fascinaproducciones\/photos\/a.418025668297790\/3367521970014797\/\" target=\"_blank\">UNIVERSIDAD JOHNS HOPKINS<\/a> (Bologna, Italia)<\/strong>. 18h. PASE + COLOQUIO ONLINE<\/p>\n\n\n\n<p>-Mayo 2021. <strong><a href=\"https:\/\/www.facebook.com\/NIFF2020india\/posts\/2850359145279233\">NAWADA INTERNATIONAL FILM FESTIVAL<\/a><\/strong> (<strong>India<\/strong>). <span class=\"has-inline-color has-vivid-red-color\"><strong>FINALISTA MEJOR DOCUMENTAL<\/strong> <\/span>\ud83e\udd48<\/p>\n\n\n\n<p>-Mayo 2021. <strong><a href=\"https:\/\/bodenfilmfestival.se\/Finalists-April-2021\/\">BODEN INTERNATIONAL FILM FESTIVAL<\/a><\/strong> (<strong>Sweden<\/strong>) <span class=\"has-inline-color has-vivid-red-color\"><strong>FINALISTA MEJOR DOCUMENTAL<\/strong> <\/span>\ud83e\udd48<\/p>\n\n\n\n<p>-Mayo 2021. <strong><a href=\"http:\/\/uiff.co.in\/\" data-type=\"URL\" data-id=\"http:\/\/uiff.co.in\/\">URUVATTI FILM FESTIVAL<\/a><\/strong> (<strong>India<\/strong>) <strong><span class=\"has-inline-color has-vivid-red-color\">PREMIO MEJOR DOCUMENTAL<\/span><\/strong> \ud83c\udfc6<strong><span class=\"has-inline-color has-vivid-red-color\"> ABRIL 2021<\/span><\/strong><\/p>\n\n\n\n<p>-10 de mayo 2021. <strong><a href=\"https:\/\/www.uma.es\/sala-de-prensa\/noticias\/expertos-ofrecen-una-mirada-humanista-sobre-el-documental-vidas-menores\/\" data-type=\"link\" data-id=\"https:\/\/www.uma.es\/sala-de-prensa\/noticias\/expertos-ofrecen-una-mirada-humanista-sobre-el-documental-vidas-menores\/\" target=\"_blank\" rel=\"noreferrer noopener\">UNIVERSIDAD DE M\u00c1LAGA<\/a><\/strong>. (12h. Aula Magna UMA) <strong>PASE DE LA PEL\u00cdCULA Y COLOQUIO POSTERIOR<\/strong>. PRESENCIAL.<\/p>\n\n\n\n<p>-Mayo 2021. <strong><a href=\"https:\/\/goldenharvestff.com\/\">GOLDEN HARVEST FILM FESTIVAL<\/a> <span class=\"has-inline-color has-vivid-red-color\">Winner BEST DOCUMENTARY FILM, BEST FEATURE FILM, BEST DIRECTOR, BEST CINEMATOGRAPHY, BEST PRODUCTION<\/span><\/strong> \ud83c\udfc6\ud83c\udfc6\ud83c\udfc6\ud83c\udfc6\ud83c\udfc6 (<strong>Tokio, Japan<\/strong>)<\/p>\n\n\n\n<p>-Mayo 2021. <strong><a href=\"https:\/\/www.parisfilmfestival.org\/winners\">PARIS FILM FESTIVAL<\/a><\/strong> (<strong>Francia<\/strong>) <strong><span class=\"has-inline-color has-vivid-red-color\">MENCI\u00d3N DE HONOR  Mayo 2021<\/span><\/strong>\ud83e\udd48<\/p>\n\n\n\n<p>-Mayo 2021. <strong><a rel=\"noreferrer noopener\" href=\"https:\/\/luleafilmfestival.com\/Finalists\/\" data-type=\"URL\" data-id=\"https:\/\/luleafilmfestival.com\/Finalists\/\" target=\"_blank\">LULEA INTERNATIONAL FILM FESTIVAL<\/a><\/strong> (<strong>Sweden<\/strong>) <strong><span class=\"has-inline-color has-vivid-red-color\">FINALISTA MEJOR DOCUMENTAL ABRIL-MAYO 2021<\/span><\/strong> \ud83e\udd48<\/p>\n\n\n\n<p>-Julio 2021. <a href=\"https:\/\/docawards.com\/\" data-type=\"URL\" data-id=\"https:\/\/docawards.com\/\"><strong>INTERNATIONAL <\/strong><\/a><a rel=\"noreferrer noopener\" href=\"https:\/\/docawards.com\/\" data-type=\"URL\" data-id=\"https:\/\/docawards.com\/\" target=\"_blank\"><strong>DOCUMENTARY<\/strong><\/a><a href=\"https:\/\/docawards.com\/\" data-type=\"URL\" data-id=\"https:\/\/docawards.com\/\"><strong> FILM AWARDS<\/strong><\/a> (<strong>Eslovaquia<\/strong>) SELECCI\u00d3N OFICIAL<\/p>\n\n\n\n<p>-16 Septiembre 2021. <a rel=\"noreferrer noopener\" href=\"http:\/\/redcrossfilmfest.org\/index_eng.html\" target=\"_blank\"><strong>XIX INTERNATIONAL FESTIVAL OF RED CROSS AND HEALTH FILMS<\/strong><\/a> (<strong>Varna, Bulgaria<\/strong>) (SELECCI\u00d3N OFICIAL)<\/p>\n\n\n\n<p>-30 Septiembre 2021 <a rel=\"noreferrer noopener\" href=\"https:\/\/www.facebook.com\/funcharlot\/photos\/a.4453215768105180\/4459467637479993\/\" target=\"_blank\"><strong>FESTIVAL INTERNACIONAL DE CINE DOSQUEBRADAS<\/strong><\/a> (<strong>Colombia<\/strong>) (PEL\u00cdCULA INVITADA)<\/p>\n\n\n\n<p>-Octubre 2021 <a href=\"https:\/\/filmfreeway.com\/valeiff\"><strong>VALENCIA INDIE FILM FESTIVAL \u2022 VAL\u00c8IFF<\/strong><\/a> . (<strong>Valencia. Espa\u00f1a<\/strong>) (SELECCI\u00d3N OFICIAL y nominaci\u00f3n a Mejor Director)<\/p>\n\n\n\n<p>-Noviembre 2021. <a href=\"https:\/\/www.libertymoviefestival.com\/\"><strong>LIBERTY INTERNATIONAL MOVIE FESTIVAL<\/strong><\/a> (<strong>Corea del Sur<\/strong>) SELECCI\u00d3N OFICIAL <\/p>\n\n\n\n<p>-16 Diciembre 2021, 19h. <strong>CINE MODELO<\/strong> (Zarauz) <a href=\"https:\/\/www.turismozarautz.eus\/es\/agenda?p_p_id=izfeschedule_WAR_izfescheduleportlet&amp;p_p_lifecycle=0&amp;p_p_state=normal&amp;p_p_mode=view&amp;_izfeschedule_WAR_izfescheduleportlet_scheduleEventId=41514&amp;_izfeschedule_WAR_izfescheduleportlet_view=event-detail\" target=\"_blank\" rel=\"noreferrer noopener\">PASE + COLOQUIO<\/a><\/p>\n\n\n\n<p>-22 febrero 2022, 18:30h. <strong><a href=\"https:\/\/cineyderechoshumanos.blogspot.com\/\" target=\"_blank\" rel=\"noreferrer noopener\">XVIII MUESTRA DE CINE Y DDHH DE ZARAGOZA<\/a> (Espa\u00f1a)<\/strong> SECCI\u00d3N OFICIAL<\/p>\n\n\n\n<p>-10 Diciembre 2024 10:30h. <strong>Charla y coloquio en la UNIVERSIDAD DE BURGOS<\/strong> (Burgos, Espa\u00f1a)<\/p>\n\n\n\n<p>____________________________________________________________________________<\/p>\n\n\n\n<p>Si has visto ya la pel\u00edcula, puedes valorarla aqu\u00ed: <a href=\"https:\/\/www.filmaffinity.com\/es\/film726049.html\" target=\"_blank\" rel=\"noreferrer noopener\">https:\/\/www.<\/a><a rel=\"noreferrer noopener\" href=\"https:\/\/www.filmaffinity.com\/es\/film726049.html\" target=\"_blank\">filmaffinity<\/a><a href=\"https:\/\/www.filmaffinity.com\/es\/film726049.html\">.<\/a><a href=\"https:\/\/www.filmaffinity.com\/es\/film726049.html\" target=\"_blank\" rel=\"noreferrer noopener\">com<\/a><a href=\"https:\/\/www.filmaffinity.com\/es\/film726049.html\">\/<\/a><a rel=\"noreferrer noopener\" href=\"https:\/\/www.filmaffinity.com\/es\/film726049.html\" target=\"_blank\">es<\/a><a href=\"https:\/\/www.filmaffinity.com\/es\/film726049.html\">\/film726049.html<\/a><\/p>\n\n\n\n<p><\/p>\n","protected":false},"excerpt":{"rendered":"<p>&#8211;ESTRENO 8 y 9 Nov. 2020 Escales Documentaires. Festival international de la cr\u00e9ation documentaire de La Rochelle, France. Online. -4 Dic. 2020 FESTIVAL DE CINE Y DERECHOS HUMANOS DE BARCELONA + Masterclass con Alfredo Torrescalles en la Universidad de Barcelona. + pase 20-1-2021 ONLINE -8 al 13 diciembre 2020 ETNOVIDEOGR\u00c1FICA 2020 INTERNATIONAL ETHNOVIDEOGRAPHYC FESTIVAL SECCI\u00d3N [&hellip;]<\/p>\n","protected":false},"author":1,"featured_media":0,"parent":0,"menu_order":0,"comment_status":"closed","ping_status":"closed","template":"","meta":{"footnotes":""},"class_list":["post-694","page","type-page","status-publish","hentry"],"_links":{"self":[{"href":"https:\/\/fascinapro.com\/vidasmenores\/wp-json\/wp\/v2\/pages\/694","targetHints":{"allow":["GET"]}}],"collection":[{"href":"https:\/\/fascinapro.com\/vidasmenores\/wp-json\/wp\/v2\/pages"}],"about":[{"href":"https:\/\/fascinapro.com\/vidasmenores\/wp-json\/wp\/v2\/types\/page"}],"author":[{"embeddable":true,"href":"https:\/\/fascinapro.com\/vidasmenores\/wp-json\/wp\/v2\/users\/1"}],"replies":[{"embeddable":true,"href":"https:\/\/fascinapro.com\/vidasmenores\/wp-json\/wp\/v2\/comments?post=694"}],"version-history":[{"count":32,"href":"https:\/\/fascinapro.com\/vidasmenores\/wp-json\/wp\/v2\/pages\/694\/revisions"}],"predecessor-version":[{"id":1087,"href":"https:\/\/fascinapro.com\/vidasmenores\/wp-json\/wp\/v2\/pages\/694\/revisions\/1087"}],"wp:attachment":[{"href":"https:\/\/fascinapro.com\/vidasmenores\/wp-json\/wp\/v2\/media?parent=694"}],"curies":[{"name":"wp","href":"https:\/\/api.w.org\/{rel}","templated":true}]}}