{"id":71,"date":"2020-04-24T14:52:42","date_gmt":"2020-04-24T14:52:42","guid":{"rendered":"https:\/\/fascinapro.com\/vidasmenores\/?page_id=71"},"modified":"2022-01-25T13:03:17","modified_gmt":"2022-01-25T11:03:17","slug":"ficha-tecnica","status":"publish","type":"page","link":"https:\/\/fascinapro.com\/vidasmenores\/ficha-tecnica\/","title":{"rendered":"FICHA T\u00c9CNICA"},"content":{"rendered":"\n<div class=\"wp-block-group\"><div class=\"wp-block-group__inner-container is-layout-flow wp-block-group-is-layout-flow\">\n<p>G\u00e9nero: D<strong>ocumental<\/strong><br \/>A\u00f1o\u00a0de producci\u00f3n: <strong>2020<\/strong><br \/>Fecha de estreno: <strong>Noviembre 2020. <em>Escales Documentaires. Festival International de la Cr\u00e9ation Documentaire de La Rochelle.<\/em><\/strong><br \/>Pa\u00edses de rodaje: <strong>Marruecos, Espa\u00f1a, Francia, Alemania, Suecia<\/strong><br \/>Formato filmaci\u00f3n: <strong>4K 25Fps<\/strong><br \/>Formato:\u00a0 <strong>FullHD, Aspecto: 1,77:1<\/strong><br \/>Duraci\u00f3n: <strong>Versiones de 52 y 82 min.<\/strong><br \/>Idiomas de rodaje: <strong>\u00c1rabe marroqu\u00ed (Darija), espa\u00f1ol, ingl\u00e9s y franc\u00e9s<\/strong><br \/>Versiones subtituladas en: <strong>Ingl\u00e9s, espa\u00f1ol, franc\u00e9s, euskera<\/strong><br \/>Empresa de producci\u00f3n: <strong>Fascina Producciones<\/strong><br \/>Director, fotograf\u00eda y edici\u00f3n: <strong>Alfredo Torrescalles<\/strong><br \/>Guion y producci\u00f3n: <strong>Alfredo Torrescalles, Diana Mu\u00f1oz Hurtado<\/strong><br \/>Asesora de contenidos: <strong>Berta Mendiguren<\/strong><br \/>Estudios de postproducci\u00f3n: <strong>Antaviana Films<\/strong><br \/>General Manager de postproducci\u00f3n: <strong>Mireia Aragon\u00e9s<\/strong><br \/>Supervisor de postproducci\u00f3n: <strong>Marc Dominici<\/strong><br \/>Jefa de postproducci\u00f3n: <strong>Sandra Filippelli<\/strong><br \/>Colorista, conformaci\u00f3n y finishing: <strong>Jes\u00fas RCP<\/strong><br \/>Mezclas de sonido: <strong>Carlos Jimenez<\/strong><br \/>M\u00fasica: <strong>L\u2019Algerino, Yassine Rami, Man Tanjawi, Big Sult\u00e1n, Audio Network<\/strong><br \/>Con la colaboraci\u00f3n de: <strong>Antaviana Films, Docs Barcelona, Instituto Vasco Etxepare<\/strong><\/p>\n<p>\u00a0<\/p>\n<\/div><\/div>\n","protected":false},"excerpt":{"rendered":"<p>G\u00e9nero: DocumentalA\u00f1o\u00a0de producci\u00f3n: 2020Fecha de estreno: Noviembre 2020. Escales Documentaires. Festival International de la Cr\u00e9ation Documentaire de La Rochelle.Pa\u00edses de rodaje: Marruecos, Espa\u00f1a, Francia, Alemania, SueciaFormato filmaci\u00f3n: 4K 25FpsFormato:\u00a0 FullHD, Aspecto: 1,77:1Duraci\u00f3n: Versiones de 52 y 82 min.Idiomas de rodaje: \u00c1rabe marroqu\u00ed (Darija), espa\u00f1ol, ingl\u00e9s y franc\u00e9sVersiones subtituladas en: Ingl\u00e9s, espa\u00f1ol, franc\u00e9s, euskeraEmpresa de producci\u00f3n: [&hellip;]<\/p>\n","protected":false},"author":1,"featured_media":44,"parent":0,"menu_order":0,"comment_status":"closed","ping_status":"closed","template":"","meta":{"footnotes":""},"class_list":["post-71","page","type-page","status-publish","has-post-thumbnail","hentry"],"_links":{"self":[{"href":"https:\/\/fascinapro.com\/vidasmenores\/wp-json\/wp\/v2\/pages\/71","targetHints":{"allow":["GET"]}}],"collection":[{"href":"https:\/\/fascinapro.com\/vidasmenores\/wp-json\/wp\/v2\/pages"}],"about":[{"href":"https:\/\/fascinapro.com\/vidasmenores\/wp-json\/wp\/v2\/types\/page"}],"author":[{"embeddable":true,"href":"https:\/\/fascinapro.com\/vidasmenores\/wp-json\/wp\/v2\/users\/1"}],"replies":[{"embeddable":true,"href":"https:\/\/fascinapro.com\/vidasmenores\/wp-json\/wp\/v2\/comments?post=71"}],"version-history":[{"count":13,"href":"https:\/\/fascinapro.com\/vidasmenores\/wp-json\/wp\/v2\/pages\/71\/revisions"}],"predecessor-version":[{"id":1006,"href":"https:\/\/fascinapro.com\/vidasmenores\/wp-json\/wp\/v2\/pages\/71\/revisions\/1006"}],"wp:featuredmedia":[{"embeddable":true,"href":"https:\/\/fascinapro.com\/vidasmenores\/wp-json\/wp\/v2\/media\/44"}],"wp:attachment":[{"href":"https:\/\/fascinapro.com\/vidasmenores\/wp-json\/wp\/v2\/media?parent=71"}],"curies":[{"name":"wp","href":"https:\/\/api.w.org\/{rel}","templated":true}]}}